{"id":6,"date":"2016-06-21T10:29:24","date_gmt":"2016-06-21T09:29:24","guid":{"rendered":"http:\/\/127.0.0.1:8080\/webtv2016\/?page_id=6"},"modified":"2025-02-17T10:46:27","modified_gmt":"2025-02-17T09:46:27","slug":"a-propos-du-site","status":"publish","type":"page","link":"https:\/\/webtv.cerist.dz\/index.php\/a-propos-du-site\/","title":{"rendered":"A propos du site"},"content":{"rendered":"<p>L&rsquo;audiovisuel s&rsquo;impose d\u00e9sormais comme l&rsquo;outil essentiel, tant dans la cr\u00e9ation de contenus professionnels que dans la diffusion du savoir. C&rsquo;est pourquoi la Toile regorge aujourd&rsquo;hui de ce qu&rsquo;on appelle couramment les WebTV, faisant vibrer l&rsquo;\u00e9cran de vid\u00e9os captivantes.<\/p>\n<p>Une WebTV, c&rsquo;est g\u00e9n\u00e9ralement un site Internet d\u00e9bordant de contenus vid\u00e9o, avec une pr\u00e9sence r\u00e9guli\u00e8re et une organisation bien r\u00e9fl\u00e9chie.<\/p>\n<p>Aujourd&rsquo;hui, l&rsquo;acc\u00e8s en ligne, en direct et en vid\u00e9o \u00e0 la demande, concerne pratiquement toutes les cha\u00eenes de t\u00e9l\u00e9vision classiques des nations d\u00e9velopp\u00e9es.<\/p>\n<p>Le domaine de l&rsquo;enseignement a \u00e9galement embrass\u00e9 l&rsquo;audiovisuel d\u00e8s ses d\u00e9buts. Dans les pays prosp\u00e8res, les techniques audiovisuelles ont \u00e9t\u00e9 int\u00e9gr\u00e9es dans les \u00e9tablissements scolaires en tant que soutien p\u00e9dagogique. Ainsi, des nations visionnaires telles que la France ont initi\u00e9 des \u00ab\u00a0coll\u00e8ges audiovisuels\u00a0\u00bb d\u00e8s les ann\u00e9es 1950.<\/p>\n<p>En tant que pr\u00e9curseur dans les domaines des TIC, le CERIST doit se munir d&rsquo;une WebTV pour jouer un r\u00f4le majeur dans l&rsquo;\u00e9volution de l&rsquo;enseignement et la diffusion du savoir \u00e0 grande \u00e9chelle. Bien que nous pr\u00e9f\u00e9rions actuellement le terme \u00ab\u00a0vid\u00e9oth\u00e8que en ligne\u00a0\u00bb \u00e0 WebTV, cette plateforme prometteuse pr\u00e9figure une exp\u00e9rience immersive unique.<\/p>\n<p>En attendant le lancement imminent de la production t\u00e9l\u00e9visuelle du CERIST, nous sommes ravis de vous offrir l&rsquo;acc\u00e8s \u00e0 cette vid\u00e9oth\u00e8que, un v\u00e9ritable tr\u00e9sor num\u00e9rique pour la communaut\u00e9 universitaire. Explorez des films scientifiques, des reportages captivants, des cours inspirants et des s\u00e9minaires enrichissants.<\/p>\n<p>Il est important de souligner que le contenu de cette vid\u00e9oth\u00e8que est l&rsquo;\u0153uvre de professionnels experts dans divers domaines. Leurs t\u00e9moignages et savoir-faire, agr\u00e9ment\u00e9s d&rsquo;une touche d&rsquo;expertise audiovisuelle, sont con\u00e7us pour r\u00e9pondre \u00e0 vos attentes et satisfaire tous les go\u00fbts. Bien que le site soit encore en gestation, il aspire \u00e0 devenir une v\u00e9ritable WebTV, et votre participation est essentielle pour le faire \u00e9voluer.<\/p>\n","protected":false},"excerpt":{"rendered":"<p>L&rsquo;audiovisuel s&rsquo;impose d\u00e9sormais comme l&rsquo;outil essentiel, tant dans la cr\u00e9ation de contenus professionnels que dans la diffusion du savoir. C&rsquo;est pourquoi la Toile regorge aujourd&rsquo;hui de ce qu&rsquo;on appelle couramment les WebTV, faisant vibrer l&rsquo;\u00e9cran de vid\u00e9os captivantes. Une WebTV, c&rsquo;est g\u00e9n\u00e9ralement un site Internet d\u00e9bordant de contenus vid\u00e9o, avec une pr\u00e9sence r\u00e9guli\u00e8re et une [&hellip;]<\/p>\n","protected":false},"author":1,"featured_media":0,"parent":0,"menu_order":0,"comment_status":"closed","ping_status":"closed","template":"","meta":{"footnotes":""},"class_list":["post-6","page","type-page","status-publish","hentry"],"_links":{"self":[{"href":"https:\/\/webtv.cerist.dz\/index.php\/wp-json\/wp\/v2\/pages\/6","targetHints":{"allow":["GET"]}}],"collection":[{"href":"https:\/\/webtv.cerist.dz\/index.php\/wp-json\/wp\/v2\/pages"}],"about":[{"href":"https:\/\/webtv.cerist.dz\/index.php\/wp-json\/wp\/v2\/types\/page"}],"author":[{"embeddable":true,"href":"https:\/\/webtv.cerist.dz\/index.php\/wp-json\/wp\/v2\/users\/1"}],"replies":[{"embeddable":true,"href":"https:\/\/webtv.cerist.dz\/index.php\/wp-json\/wp\/v2\/comments?post=6"}],"version-history":[{"count":4,"href":"https:\/\/webtv.cerist.dz\/index.php\/wp-json\/wp\/v2\/pages\/6\/revisions"}],"predecessor-version":[{"id":11112,"href":"https:\/\/webtv.cerist.dz\/index.php\/wp-json\/wp\/v2\/pages\/6\/revisions\/11112"}],"wp:attachment":[{"href":"https:\/\/webtv.cerist.dz\/index.php\/wp-json\/wp\/v2\/media?parent=6"}],"curies":[{"name":"wp","href":"https:\/\/api.w.org\/{rel}","templated":true}]}}