{"id":2263,"date":"2019-10-21T11:43:21","date_gmt":"2019-10-21T10:43:21","guid":{"rendered":"http:\/\/webtv.cerist.dz\/?page_id=2263"},"modified":"2024-05-23T10:53:25","modified_gmt":"2024-05-23T09:53:25","slug":"cours","status":"publish","type":"page","link":"https:\/\/webtv.cerist.dz\/index.php\/cours\/","title":{"rendered":"COURS"},"content":{"rendered":"<table style=\"border-width: 1; border-style: none;\" border=\"0\" width=\"297\">\n<tbody>\n<tr>\n<td style=\"text-align: center;\" width=\"154\" height=\"153\">\u00a0<img  title=\"\" loading=\"lazy\" decoding=\"async\" class=\"alignnone wp-image-10038 size-full\" src=\"https:\/\/webtv.cerist.dz\/wp-content\/uploads\/2024\/05\/Primary_Care_Toolkit_1-1.png\" alt=\"\" width=\"214\" height=\"123\" \/><\/td>\n<td width=\"131\" height=\"153\">\n<h5 align=\"left\"><a href=\"https:\/\/webtv.cerist.dz\/index.php\/category\/conferences\/cours-de-soins-infirmiers\/\">Cours de Soins Infirmiers 2024<\/a>.<\/h5>\n<\/td>\n<\/tr>\n<\/tbody>\n<tbody>\n<tr>\n<td style=\"text-align: center;\" width=\"154\" height=\"153\">\u00a0<img loading=\"lazy\" decoding=\"async\" class=\"alignnone size-medium wp-image-2561\" src=\"https:\/\/webtv.cerist.dz\/wp-content\/uploads\/2019\/10\/Daniel-Massart-1-300x123.png\" alt=\"Daniel Massart\" width=\"185\" height=\"76\" \/><\/td>\n<td width=\"131\" height=\"153\">\n<h5 align=\"left\"><a href=\"https:\/\/webtv.cerist.dz\/?p=2410\">Entropies des syst\u00e8mes dynamiques, universit\u00e9 Sidi Bel-Abb\u00e9s<\/a>.<\/h5>\n<\/td>\n<\/tr>\n<\/tbody>\n<tbody>\n<tr>\n<td width=\"154\" height=\"153\">\n<p align=\"center\"><img loading=\"lazy\" decoding=\"async\" class=\"alignnone size-medium wp-image-1327\" src=\"https:\/\/webtv.cerist.dz\/wp-content\/uploads\/2016\/06\/acc_pedagogique-300x212.jpg\" alt=\"CONFERENCE ET COURS1++\" width=\"150\" height=\"106\" srcset=\"https:\/\/webtv.cerist.dz\/wp-content\/uploads\/2016\/06\/acc_pedagogique-300x212.jpg 300w, https:\/\/webtv.cerist.dz\/wp-content\/uploads\/2016\/06\/acc_pedagogique-768x542.jpg 768w, https:\/\/webtv.cerist.dz\/wp-content\/uploads\/2016\/06\/acc_pedagogique.jpg 841w\" sizes=\"auto, (max-width: 150px) 100vw, 150px\" \/><\/p>\n<\/td>\n<td width=\"131\" height=\"153\">\n<h5 align=\"left\"><a href=\"https:\/\/webtv.cerist.dz\/?cat=46\">Mise en place de l\u2019approche \u00ab Accompagnement p\u00e9dagogique \u00bb pour les enseignants chercheurs au sein des universit\u00e9s Alg\u00e9riennes.<br \/>\n<\/a><\/h5>\n<\/td>\n<\/tr>\n<\/tbody>\n<tbody>\n<tr>\n<td width=\"154\" height=\"155\">\n<h5 align=\"left\"><a href=\"https:\/\/webtv.cerist.dz\/?cat=9\"><img loading=\"lazy\" decoding=\"async\" class=\"wp-image-1015 aligncenter\" src=\"https:\/\/webtv.cerist.dz\/wp-content\/uploads\/2016\/06\/ixp-2.jpg\" alt=\"ixp-2\" width=\"150\" height=\"105\" \/><\/a><\/h5>\n<\/td>\n<td width=\"131\" height=\"155\">\n<h5 align=\"left\"><a href=\"https:\/\/webtv.cerist.dz\/?cat=9\">Atelier sur les modalit\u00e9s de mise en oeuvre d&rsquo;un point d&rsquo;\u00e9change internet.<\/a><\/h5>\n<h5><\/h5>\n<\/td>\n<\/tr>\n<\/tbody>\n<\/table>\n","protected":false},"excerpt":{"rendered":"<p>\u00a0 Cours de Soins Infirmiers 2024. \u00a0 Entropies des syst\u00e8mes dynamiques, universit\u00e9 Sidi Bel-Abb\u00e9s. Mise en place de l\u2019approche \u00ab Accompagnement p\u00e9dagogique \u00bb pour les enseignants chercheurs au sein des universit\u00e9s Alg\u00e9riennes. Atelier sur les modalit\u00e9s de mise en oeuvre d&rsquo;un point d&rsquo;\u00e9change internet.<\/p>\n","protected":false},"author":1,"featured_media":0,"parent":0,"menu_order":0,"comment_status":"closed","ping_status":"closed","template":"","meta":{"footnotes":""},"class_list":["post-2263","page","type-page","status-publish","hentry"],"_links":{"self":[{"href":"https:\/\/webtv.cerist.dz\/index.php\/wp-json\/wp\/v2\/pages\/2263","targetHints":{"allow":["GET"]}}],"collection":[{"href":"https:\/\/webtv.cerist.dz\/index.php\/wp-json\/wp\/v2\/pages"}],"about":[{"href":"https:\/\/webtv.cerist.dz\/index.php\/wp-json\/wp\/v2\/types\/page"}],"author":[{"embeddable":true,"href":"https:\/\/webtv.cerist.dz\/index.php\/wp-json\/wp\/v2\/users\/1"}],"replies":[{"embeddable":true,"href":"https:\/\/webtv.cerist.dz\/index.php\/wp-json\/wp\/v2\/comments?post=2263"}],"version-history":[{"count":18,"href":"https:\/\/webtv.cerist.dz\/index.php\/wp-json\/wp\/v2\/pages\/2263\/revisions"}],"predecessor-version":[{"id":10115,"href":"https:\/\/webtv.cerist.dz\/index.php\/wp-json\/wp\/v2\/pages\/2263\/revisions\/10115"}],"wp:attachment":[{"href":"https:\/\/webtv.cerist.dz\/index.php\/wp-json\/wp\/v2\/media?parent=2263"}],"curies":[{"name":"wp","href":"https:\/\/api.w.org\/{rel}","templated":true}]}}