{"id":10037,"date":"2024-05-20T11:33:39","date_gmt":"2024-05-20T10:33:39","guid":{"rendered":"https:\/\/webtv.cerist.dz\/?page_id=10037"},"modified":"2024-05-23T16:38:46","modified_gmt":"2024-05-23T15:38:46","slug":"cours-de-soins-infirmiers","status":"publish","type":"page","link":"https:\/\/webtv.cerist.dz\/index.php\/cours-de-soins-infirmiers\/","title":{"rendered":"Cours de Soins Infirmiers"},"content":{"rendered":"\n<p class=\"has-medium-font-size\"><\/p>\n\n\n\n<p class=\"has-text-align-center has-medium-font-size\"><strong>Universit\u00e9 Alger 1 Ben Youcef Benkhedda | Facult\u00e9 de M\u00e9decine | D\u00e9partement de m\u00e9decine Cycle pr\u00e9clinique <\/strong><br><strong> Module \u00ab&nbsp;Soins infirmiers&nbsp;\u00bb<\/strong><\/p>\n\n\n\n<div class=\"wp-block-media-text is-stacked-on-mobile\" style=\"grid-template-columns:26% auto\"><figure class=\"wp-block-media-text__media\"><img  title=\"\" loading=\"lazy\" decoding=\"async\" width=\"214\" height=\"123\" src=\"https:\/\/webtv.cerist.dz\/wp-content\/uploads\/2024\/05\/Primary_Care_Toolkit_1-1.png\" alt=\"\" class=\"wp-image-10038 size-full\"\/><\/figure><div class=\"wp-block-media-text__content\">\n<p class=\"has-medium-font-size\"><strong>Programme des cours<\/strong>  <\/p>\n<\/div><\/div>\n\n\n\n<figure class=\"wp-block-table is-style-stripes\"><table><thead><tr><th><strong>Intitul\u00e9 des cours<\/strong><\/th><th><strong>Enseignant<\/strong><\/th><\/tr><\/thead><tbody><tr><td>1- Hygi\u00e8ne et confort du malade&#8230; <strong><a href=\"https:\/\/webtv.cerist.dz\/index.php\/2024\/05\/22\/hygiene-et-confort-du-malade\/\">Voir la vid\u00e9o<\/a><\/strong><br><br>2- Notions d\u2019asepsie et antisepsie &#8230; <strong><a href=\"https:\/\/webtv.cerist.dz\/index.php\/2024\/05\/22\/notions-dasepsie-et-antisepsie\/\">Voir la vid\u00e9o<\/a><\/strong><br><br>3- Soins g\u00e9n\u00e9raux et pr\u00e9 et post op\u00e9ratoires&#8230; <strong><a href=\"https:\/\/webtv.cerist.dz\/index.php\/2024\/05\/22\/soins-generaux-et-pre-et-post-operatoires\/\">Voir la vid\u00e9o<\/a><\/strong><\/td><td><strong>Pr R. SAKHRAOUI<\/strong><\/td><\/tr><tr><td>1- Nutrition et repas du malade ou l\u2019alimentation du malade&#8230;<strong><a href=\"https:\/\/webtv.cerist.dz\/index.php\/2024\/05\/22\/nutrition-et-repas-du-malade-ou-lalimentation-du-malade\/\">Voir la vid\u00e9o<\/a><\/strong><br><br>2- Observation du malade par l\u2019infirmier&#8230;<strong><a href=\"https:\/\/webtv.cerist.dz\/index.php\/2024\/05\/22\/observation-du-malade-par-linfirmier\/\">Voir la vid\u00e9o<\/a><\/strong><br><br>3- Techniques de soins en relation avec les maladies contagieuses&#8230;<strong><a href=\"https:\/\/webtv.cerist.dz\/index.php\/2024\/05\/22\/techniques-de-soins-en-relation-avec-les-maladies-contagieuses\/\">Voir la vid\u00e9o<\/a><\/strong><\/td><td><strong><strong>Pr H. HANECHE<\/strong><\/strong><\/td><\/tr><tr><td>1- Surveillance de l\u2019\u00e9limination r\u00e9nale et intestinale&#8230;<strong><a href=\"https:\/\/webtv.cerist.dz\/index.php\/2024\/05\/23\/surveillance-de-lelimination-renale-et-intestinale\/\">Voir la vid\u00e9o<\/a><\/strong><br><br>2- Techniques des lits&#8230;<strong><a href=\"https:\/\/webtv.cerist.dz\/index.php\/2024\/05\/23\/techniques-des-lits\/\">Voir la vid\u00e9o<\/a><\/strong><br>\u00a0<br>3-Technique des bandages et pansements&#8230;<strong><a href=\"https:\/\/webtv.cerist.dz\/index.php\/2024\/05\/23\/technique-des-bandages-et-pansements\/\">Voir la vid\u00e9o<\/a><\/strong><\/td><td><strong>Dr H. YAHIAOUI<\/strong><\/td><\/tr><tr><td>1- Introduction aux soins infirmiers ou le nursing&#8230;<strong><a href=\"https:\/\/webtv.cerist.dz\/index.php\/2024\/05\/23\/introduction-aux-soins-infirmiers-ou-le-nursing\/\">Voir la vid\u00e9o<\/a><\/strong><br><br>2- \u00c9valuation des signes vitaux&#8230;<strong><a href=\"https:\/\/webtv.cerist.dz\/index.php\/2024\/05\/23\/evaluation-des-signes-vitaux\/\">Voir la vid\u00e9o<\/a><\/strong><br><br>3- Notions de th\u00e9rapeutique ou introduction \u00e0 la technique des soins&#8230;<strong><a href=\"https:\/\/webtv.cerist.dz\/index.php\/2024\/05\/23\/10144\/\">Voir la vid\u00e9o<\/a><\/strong><\/td><td><strong>Pr S. SADAT<\/strong><\/td><\/tr><tr><td>1- Pr\u00e9vention et soins des escarres&#8230;<strong><a href=\"https:\/\/webtv.cerist.dz\/index.php\/2024\/05\/23\/prevention-et-soins-des-escarres\/\">Voir la vid\u00e9o<\/a><\/strong><br><br>2- Techniques pour installer, transliter et transporter un malade&#8230;<strong><a href=\"https:\/\/webtv.cerist.dz\/index.php\/2024\/05\/23\/techniques-pour-installer-transliter-et-transporter-un-malade\/\">Voir la vid\u00e9o<\/a><\/strong><br><br>3- Le plan de soins&#8230;<strong><a href=\"https:\/\/webtv.cerist.dz\/index.php\/2024\/05\/23\/le-plan-de-soins-infirmiers\/\">Voir la vid\u00e9o<\/a><\/strong><\/td><td><strong>Pr D. ZEGHDOUD<\/strong><\/td><\/tr><\/tbody><\/table><\/figure>\n\n\n\n<p><\/p>\n\n\n\n<p><\/p>\n","protected":false},"excerpt":{"rendered":"<p>Universit\u00e9 Alger 1 Ben Youcef Benkhedda | Facult\u00e9 de M\u00e9decine | D\u00e9partement de m\u00e9decine Cycle pr\u00e9clinique Module \u00ab&nbsp;Soins infirmiers&nbsp;\u00bb Programme des cours Intitul\u00e9 des cours Enseignant 1- Hygi\u00e8ne et confort du malade&#8230; Voir la vid\u00e9o 2- Notions d\u2019asepsie et antisepsie &#8230; Voir la vid\u00e9o 3- Soins g\u00e9n\u00e9raux et pr\u00e9 et post op\u00e9ratoires&#8230; Voir la vid\u00e9o [&hellip;]<\/p>\n","protected":false},"author":1,"featured_media":0,"parent":0,"menu_order":0,"comment_status":"closed","ping_status":"closed","template":"","meta":{"footnotes":""},"class_list":["post-10037","page","type-page","status-publish","hentry"],"_links":{"self":[{"href":"https:\/\/webtv.cerist.dz\/index.php\/wp-json\/wp\/v2\/pages\/10037","targetHints":{"allow":["GET"]}}],"collection":[{"href":"https:\/\/webtv.cerist.dz\/index.php\/wp-json\/wp\/v2\/pages"}],"about":[{"href":"https:\/\/webtv.cerist.dz\/index.php\/wp-json\/wp\/v2\/types\/page"}],"author":[{"embeddable":true,"href":"https:\/\/webtv.cerist.dz\/index.php\/wp-json\/wp\/v2\/users\/1"}],"replies":[{"embeddable":true,"href":"https:\/\/webtv.cerist.dz\/index.php\/wp-json\/wp\/v2\/comments?post=10037"}],"version-history":[{"count":26,"href":"https:\/\/webtv.cerist.dz\/index.php\/wp-json\/wp\/v2\/pages\/10037\/revisions"}],"predecessor-version":[{"id":10174,"href":"https:\/\/webtv.cerist.dz\/index.php\/wp-json\/wp\/v2\/pages\/10037\/revisions\/10174"}],"wp:attachment":[{"href":"https:\/\/webtv.cerist.dz\/index.php\/wp-json\/wp\/v2\/media?parent=10037"}],"curies":[{"name":"wp","href":"https:\/\/api.w.org\/{rel}","templated":true}]}}